{"id":3402,"date":"2024-02-05T13:43:18","date_gmt":"2024-02-05T13:43:18","guid":{"rendered":"https:\/\/padisemois.ee\/?page_id=3402"},"modified":"2024-02-07T10:07:34","modified_gmt":"2024-02-07T10:07:34","slug":"offers","status":"publish","type":"page","link":"https:\/\/padisemois.ee\/en\/offers\/","title":{"rendered":"OFFERS"},"content":{"rendered":"\n<div class=\"wp-block-cover alignfull\" style=\"min-height:598px;aspect-ratio:unset;\"><span aria-hidden=\"true\" class=\"wp-block-cover__background has-background-dim-0 has-background-dim\"><\/span><img loading=\"lazy\" decoding=\"async\" width=\"2560\" height=\"1920\" class=\"wp-block-cover__image-background wp-image-1778\" alt=\"\" src=\"https:\/\/padisemois.ee\/wp-content\/uploads\/2023\/10\/2023-09-20-Padise-Mois2038.jpg\" data-object-fit=\"cover\" srcset=\"https:\/\/padisemois.ee\/wp-content\/uploads\/2023\/10\/2023-09-20-Padise-Mois2038.jpg 2560w, https:\/\/padisemois.ee\/wp-content\/uploads\/2023\/10\/2023-09-20-Padise-Mois2038-200x150.jpg 200w, https:\/\/padisemois.ee\/wp-content\/uploads\/2023\/10\/2023-09-20-Padise-Mois2038-600x450.jpg 600w, https:\/\/padisemois.ee\/wp-content\/uploads\/2023\/10\/2023-09-20-Padise-Mois2038-300x225.jpg 300w, https:\/\/padisemois.ee\/wp-content\/uploads\/2023\/10\/2023-09-20-Padise-Mois2038-1024x768.jpg 1024w, https:\/\/padisemois.ee\/wp-content\/uploads\/2023\/10\/2023-09-20-Padise-Mois2038-768x576.jpg 768w, https:\/\/padisemois.ee\/wp-content\/uploads\/2023\/10\/2023-09-20-Padise-Mois2038-1536x1152.jpg 1536w, https:\/\/padisemois.ee\/wp-content\/uploads\/2023\/10\/2023-09-20-Padise-Mois2038-2048x1536.jpg 2048w, https:\/\/padisemois.ee\/wp-content\/uploads\/2023\/10\/2023-09-20-Padise-Mois2038-1568x1176.jpg 1568w, https:\/\/padisemois.ee\/wp-content\/uploads\/2023\/10\/2023-09-20-Padise-Mois2038-80x60.jpg 80w\" sizes=\"auto, (max-width: 2560px) 100vw, 2560px\" \/><div class=\"wp-block-cover__inner-container is-layout-flow wp-block-cover-is-layout-flow\">\n<h2 class=\"wp-block-heading has-text-align-center has-large-font-size\"><\/h2>\n<\/div><\/div>\n\n\n\n<div style=\"height:6px\" aria-hidden=\"true\" class=\"wp-block-spacer\"><\/div>\n\n\n\n<div style=\"height:6px\" aria-hidden=\"true\" class=\"wp-block-spacer\"><\/div>\n\n\n\n<div class=\"wp-block-edhotels-offers alignfull custom-three-blocks offers manual\"><div class=\"wp-offer-columns\">\t<div class=\"wp-offer-column \">\n\t\t<div class=\"offer-inner\">\n\t\t\t\t\t\t\t<h4>\n\t\t\t\t\t<span>FOR TWO<\/span>\n\t\t\t\t\t79\u20ac\t\t\t\t<\/h4>\n\t\t\t\t\t\t<a href=\"https:\/\/padisemois.ee\/en\/offer\/padise-moisa-18-butiikspaa-pakett-kahele\/\"><figure class=\"wp-block-image\"><img loading=\"lazy\" decoding=\"async\" width=\"1024\" height=\"768\" src=\"https:\/\/padisemois.ee\/wp-content\/uploads\/2023\/10\/2023-09-20-Padise-Mois2067-1024x768.jpg\" class=\"attachment-large size-large wp-post-image\" alt=\"\" srcset=\"https:\/\/padisemois.ee\/wp-content\/uploads\/2023\/10\/2023-09-20-Padise-Mois2067-1024x768.jpg 1024w, https:\/\/padisemois.ee\/wp-content\/uploads\/2023\/10\/2023-09-20-Padise-Mois2067-300x225.jpg 300w, https:\/\/padisemois.ee\/wp-content\/uploads\/2023\/10\/2023-09-20-Padise-Mois2067-200x150.jpg 200w, https:\/\/padisemois.ee\/wp-content\/uploads\/2023\/10\/2023-09-20-Padise-Mois2067-600x450.jpg 600w, https:\/\/padisemois.ee\/wp-content\/uploads\/2023\/10\/2023-09-20-Padise-Mois2067-768x576.jpg 768w, https:\/\/padisemois.ee\/wp-content\/uploads\/2023\/10\/2023-09-20-Padise-Mois2067-1536x1152.jpg 1536w, https:\/\/padisemois.ee\/wp-content\/uploads\/2023\/10\/2023-09-20-Padise-Mois2067-2048x1536.jpg 2048w, https:\/\/padisemois.ee\/wp-content\/uploads\/2023\/10\/2023-09-20-Padise-Mois2067-1568x1176.jpg 1568w\" sizes=\"auto, (max-width: 1024px) 100vw, 1024px\" \/><\/figure><\/a>\n\t\t\t<div class=\"offer-text-wrapper\">\n\t\t\t\t<h3><a href=\"https:\/\/padisemois.ee\/en\/offer\/padise-moisa-18-butiikspaa-pakett-kahele\/\">PADISE MANOR BOUTIQUE SPA 18+ PACKAGE FOR TWO<\/a><\/h3>\n\t\t\t\t<p>P\u00f5gene argip\u00e4evast ja naudi koos kaaslasega erilisi hetki Padise m\u00f5isa luksuslikus 18+ butiikspaas, mis on peidetud ajaloolisse ja muinsuskaitse all olevasse endisesse viljaaita.<\/p>\n\t\t\t\t\t\t\t\t\t<div class=\"button-wrapper\">\n\t\t\t\t\t\t\t\t\t\t\t\t\t<div class=\"wp-block-button is-style-outline\">\n\t\t\t\t\t\t\t\t<a class=\"wp-block-button__link\" href=\"https:\/\/padisemois.ee\/en\/offer\/padise-moisa-18-butiikspaa-pakett-kahele\/\">Read more<\/a>\n\t\t\t\t\t\t\t<\/div>\n\t\t\t\t\t\t\t\t\t\t\t\t\t\t\t\t\t<\/div>\n\t\t\t\t\t\t\t<\/div>\n\t\t<\/div>\n\t<\/div>\n\n\t\n\n\t<div class=\"wp-offer-column \">\n\t\t<div class=\"offer-inner\">\n\t\t\t\t\t\t\t<h4>\n\t\t\t\t\t<span>FOR TWO<\/span>\n\t\t\t\t\tfrom 168\u20ac\t\t\t\t<\/h4>\n\t\t\t\t\t\t<a href=\"https:\/\/padisemois.ee\/en\/offer\/padise-moisa-kulluslik-kulastus\/\"><figure class=\"wp-block-image\"><img loading=\"lazy\" decoding=\"async\" width=\"1024\" height=\"683\" src=\"https:\/\/padisemois.ee\/wp-content\/uploads\/2023\/06\/Amalie-II-1024x683.jpg\" class=\"attachment-large size-large wp-post-image\" alt=\"\" srcset=\"https:\/\/padisemois.ee\/wp-content\/uploads\/2023\/06\/Amalie-II-1024x683.jpg 1024w, https:\/\/padisemois.ee\/wp-content\/uploads\/2023\/06\/Amalie-II-300x200.jpg 300w, https:\/\/padisemois.ee\/wp-content\/uploads\/2023\/06\/Amalie-II-200x133.jpg 200w, https:\/\/padisemois.ee\/wp-content\/uploads\/2023\/06\/Amalie-II-600x400.jpg 600w, https:\/\/padisemois.ee\/wp-content\/uploads\/2023\/06\/Amalie-II-768x512.jpg 768w, https:\/\/padisemois.ee\/wp-content\/uploads\/2023\/06\/Amalie-II-1536x1024.jpg 1536w, https:\/\/padisemois.ee\/wp-content\/uploads\/2023\/06\/Amalie-II-1568x1045.jpg 1568w, https:\/\/padisemois.ee\/wp-content\/uploads\/2023\/06\/Amalie-II.jpg 2048w\" sizes=\"auto, (max-width: 1024px) 100vw, 1024px\" \/><\/figure><\/a>\n\t\t\t<div class=\"offer-text-wrapper\">\n\t\t\t\t<h3><a href=\"https:\/\/padisemois.ee\/en\/offer\/padise-moisa-kulluslik-kulastus\/\">PACKAGE &#8220;IDYLLIC MANOR CHARM&#8221;<\/a><\/h3>\n\t\t\t\t<p>Nautige lummavat paketti kahele koos 18+ spaa k\u00fclastusega. Eeskujulikult renoveeritud ajalooline Padise m\u00f5is asub vaid 50 kilomeetri kaugusel Tallinna linnak\u00e4rast eemal L\u00e4\u00e4ne-Harju vallas, Harjumaal.\u00a0<\/p>\n\t\t\t\t\t\t\t\t\t<div class=\"button-wrapper\">\n\t\t\t\t\t\t\t\t\t\t\t\t\t<div class=\"wp-block-button is-style-outline\">\n\t\t\t\t\t\t\t\t<a class=\"wp-block-button__link\" href=\"https:\/\/padisemois.ee\/en\/offer\/padise-moisa-kulluslik-kulastus\/\">Read more<\/a>\n\t\t\t\t\t\t\t<\/div>\n\t\t\t\t\t\t\t\t\t\t\t\t\t\t\t\t\t\t\t<div class=\"wp-block-button\">\n\t\t\t\t\t\t\t\t<a class=\"wp-block-button__link\" href=\"https:\/\/bouk.io\/booking\/padise\/243\/rate\/4748?language=et&#038;adults=2\" target=\"_self\">Book now<\/a>\n\t\t\t\t\t\t\t<\/div>\n\t\t\t\t\t\t\t\t\t\t\t<\/div>\n\t\t\t\t\t\t\t<\/div>\n\t\t<\/div>\n\t<\/div>\n\n\t\n\n\t<div class=\"wp-offer-column \">\n\t\t<div class=\"offer-inner\">\n\t\t\t\t\t\t\t<h4>\n\t\t\t\t\t<span>FOR TWO<\/span>\n\t\t\t\t\tfrom 308\u20ac\t\t\t\t<\/h4>\n\t\t\t\t\t\t<a href=\"https:\/\/padisemois.ee\/en\/offer\/luksuslik-puhkus-padise-parimas-moisaharra-sviidis\/\"><figure class=\"wp-block-image\"><img loading=\"lazy\" decoding=\"async\" width=\"1024\" height=\"768\" src=\"https:\/\/padisemois.ee\/wp-content\/uploads\/2023\/08\/IMG_1131-1024x768.jpg\" class=\"attachment-large size-large wp-post-image\" alt=\"\" srcset=\"https:\/\/padisemois.ee\/wp-content\/uploads\/2023\/08\/IMG_1131-1024x768.jpg 1024w, https:\/\/padisemois.ee\/wp-content\/uploads\/2023\/08\/IMG_1131-300x225.jpg 300w, https:\/\/padisemois.ee\/wp-content\/uploads\/2023\/08\/IMG_1131-scaled-200x150.jpg 200w, https:\/\/padisemois.ee\/wp-content\/uploads\/2023\/08\/IMG_1131-scaled-600x450.jpg 600w, https:\/\/padisemois.ee\/wp-content\/uploads\/2023\/08\/IMG_1131-768x576.jpg 768w, https:\/\/padisemois.ee\/wp-content\/uploads\/2023\/08\/IMG_1131-1536x1152.jpg 1536w, https:\/\/padisemois.ee\/wp-content\/uploads\/2023\/08\/IMG_1131-2048x1536.jpg 2048w, https:\/\/padisemois.ee\/wp-content\/uploads\/2023\/08\/IMG_1131-1568x1176.jpg 1568w\" sizes=\"auto, (max-width: 1024px) 100vw, 1024px\" \/><\/figure><\/a>\n\t\t\t<div class=\"offer-text-wrapper\">\n\t\t\t\t<h3><a href=\"https:\/\/padisemois.ee\/en\/offer\/luksuslik-puhkus-padise-parimas-moisaharra-sviidis\/\">LUXURIOUS VACATION IN PADISE&#8217;S FINEST SUITE<\/a><\/h3>\n\t\t\t\t<p>Nautige unustamatut puhkust koos spaak\u00fclastusega Padise M\u00f5isa parimas Grand Luxury m\u00f5isah\u00e4rra sviidis. Eeskujulikult renoveeritud ajalooline Padise m\u00f5is asub vaid 50 kilomeetri kaugusel Tallinna linnak\u00e4rast eemal L\u00e4\u00e4ne-Harju vallas, Harjumaal 14.sajandil rajatud Padise kloostri k\u00f5rval.<\/p>\n\t\t\t\t\t\t\t\t\t<div class=\"button-wrapper\">\n\t\t\t\t\t\t\t\t\t\t\t\t\t<div class=\"wp-block-button is-style-outline\">\n\t\t\t\t\t\t\t\t<a class=\"wp-block-button__link\" href=\"https:\/\/padisemois.ee\/en\/offer\/luksuslik-puhkus-padise-parimas-moisaharra-sviidis\/\">Read more<\/a>\n\t\t\t\t\t\t\t<\/div>\n\t\t\t\t\t\t\t\t\t\t\t\t\t\t\t\t\t\t\t<div class=\"wp-block-button\">\n\t\t\t\t\t\t\t\t<a class=\"wp-block-button__link\" href=\"https:\/\/bouk.io\/booking\/padise\/243\/rate\/4750?language=et&#038;adults=2\" target=\"_self\">Book now<\/a>\n\t\t\t\t\t\t\t<\/div>\n\t\t\t\t\t\t\t\t\t\t\t<\/div>\n\t\t\t\t\t\t\t<\/div>\n\t\t<\/div>\n\t<\/div>\n\n\t<\/div><\/div>\n","protected":false},"excerpt":{"rendered":"","protected":false},"author":2,"featured_media":0,"parent":0,"menu_order":35,"comment_status":"closed","ping_status":"closed","template":"","meta":{"footnotes":""},"class_list":["post-3402","page","type-page","status-publish","hentry"],"yoast_head":"<!-- This site is optimized with the Yoast SEO plugin v26.3 - https:\/\/yoast.com\/wordpress\/plugins\/seo\/ -->\n<title>OFFERS - Padise M\u00f5is<\/title>\n<meta name=\"robots\" content=\"index, follow, max-snippet:-1, max-image-preview:large, max-video-preview:-1\" \/>\n<link rel=\"canonical\" href=\"https:\/\/padisemois.ee\/pakkumised\/\" \/>\n<meta property=\"og:locale\" content=\"en_US\" \/>\n<meta property=\"og:type\" content=\"article\" \/>\n<meta property=\"og:title\" content=\"OFFERS - Padise M\u00f5is\" \/>\n<meta property=\"og:url\" content=\"https:\/\/padisemois.ee\/pakkumised\/\" \/>\n<meta property=\"og:site_name\" content=\"Padise M\u00f5is\" \/>\n<meta property=\"article:modified_time\" content=\"2024-02-07T10:07:34+00:00\" \/>\n<meta property=\"og:image\" content=\"https:\/\/padisemois.ee\/wp-content\/uploads\/2023\/10\/2023-09-20-Padise-Mois2038.jpg\" \/>\n<meta name=\"twitter:card\" content=\"summary_large_image\" \/>\n<meta name=\"twitter:label1\" content=\"Est. reading time\" \/>\n\t<meta name=\"twitter:data1\" content=\"1 minute\" \/>\n<script type=\"application\/ld+json\" class=\"yoast-schema-graph\">{\"@context\":\"https:\/\/schema.org\",\"@graph\":[{\"@type\":\"WebPage\",\"@id\":\"https:\/\/padisemois.ee\/pakkumised\/\",\"url\":\"https:\/\/padisemois.ee\/pakkumised\/\",\"name\":\"OFFERS - Padise M\u00f5is\",\"isPartOf\":{\"@id\":\"https:\/\/padisemois.ee\/#website\"},\"primaryImageOfPage\":{\"@id\":\"https:\/\/padisemois.ee\/pakkumised\/#primaryimage\"},\"image\":{\"@id\":\"https:\/\/padisemois.ee\/pakkumised\/#primaryimage\"},\"thumbnailUrl\":\"https:\/\/padisemois.ee\/wp-content\/uploads\/2023\/10\/2023-09-20-Padise-Mois2038.jpg\",\"datePublished\":\"2024-02-05T13:43:18+00:00\",\"dateModified\":\"2024-02-07T10:07:34+00:00\",\"breadcrumb\":{\"@id\":\"https:\/\/padisemois.ee\/pakkumised\/#breadcrumb\"},\"inLanguage\":\"en-US\",\"potentialAction\":[{\"@type\":\"ReadAction\",\"target\":[\"https:\/\/padisemois.ee\/pakkumised\/\"]}]},{\"@type\":\"ImageObject\",\"inLanguage\":\"en-US\",\"@id\":\"https:\/\/padisemois.ee\/pakkumised\/#primaryimage\",\"url\":\"https:\/\/padisemois.ee\/wp-content\/uploads\/2023\/10\/2023-09-20-Padise-Mois2038.jpg\",\"contentUrl\":\"https:\/\/padisemois.ee\/wp-content\/uploads\/2023\/10\/2023-09-20-Padise-Mois2038.jpg\"},{\"@type\":\"BreadcrumbList\",\"@id\":\"https:\/\/padisemois.ee\/pakkumised\/#breadcrumb\",\"itemListElement\":[{\"@type\":\"ListItem\",\"position\":1,\"name\":\"Home\",\"item\":\"https:\/\/padisemois.ee\/en\/home\/\"},{\"@type\":\"ListItem\",\"position\":2,\"name\":\"OFFERS\"}]},{\"@type\":\"WebSite\",\"@id\":\"https:\/\/padisemois.ee\/#website\",\"url\":\"https:\/\/padisemois.ee\/\",\"name\":\"Padise M\u00f5is\",\"description\":\"Muinastjutuline puhkus\",\"potentialAction\":[{\"@type\":\"SearchAction\",\"target\":{\"@type\":\"EntryPoint\",\"urlTemplate\":\"https:\/\/padisemois.ee\/?s={search_term_string}\"},\"query-input\":{\"@type\":\"PropertyValueSpecification\",\"valueRequired\":true,\"valueName\":\"search_term_string\"}}],\"inLanguage\":\"en-US\"}]}<\/script>\n<!-- \/ Yoast SEO plugin. -->","yoast_head_json":{"title":"OFFERS - Padise M\u00f5is","robots":{"index":"index","follow":"follow","max-snippet":"max-snippet:-1","max-image-preview":"max-image-preview:large","max-video-preview":"max-video-preview:-1"},"canonical":"https:\/\/padisemois.ee\/pakkumised\/","og_locale":"en_US","og_type":"article","og_title":"OFFERS - Padise M\u00f5is","og_url":"https:\/\/padisemois.ee\/pakkumised\/","og_site_name":"Padise M\u00f5is","article_modified_time":"2024-02-07T10:07:34+00:00","og_image":[{"url":"https:\/\/padisemois.ee\/wp-content\/uploads\/2023\/10\/2023-09-20-Padise-Mois2038.jpg","type":"","width":"","height":""}],"twitter_card":"summary_large_image","twitter_misc":{"Est. reading time":"1 minute"},"schema":{"@context":"https:\/\/schema.org","@graph":[{"@type":"WebPage","@id":"https:\/\/padisemois.ee\/pakkumised\/","url":"https:\/\/padisemois.ee\/pakkumised\/","name":"OFFERS - Padise M\u00f5is","isPartOf":{"@id":"https:\/\/padisemois.ee\/#website"},"primaryImageOfPage":{"@id":"https:\/\/padisemois.ee\/pakkumised\/#primaryimage"},"image":{"@id":"https:\/\/padisemois.ee\/pakkumised\/#primaryimage"},"thumbnailUrl":"https:\/\/padisemois.ee\/wp-content\/uploads\/2023\/10\/2023-09-20-Padise-Mois2038.jpg","datePublished":"2024-02-05T13:43:18+00:00","dateModified":"2024-02-07T10:07:34+00:00","breadcrumb":{"@id":"https:\/\/padisemois.ee\/pakkumised\/#breadcrumb"},"inLanguage":"en-US","potentialAction":[{"@type":"ReadAction","target":["https:\/\/padisemois.ee\/pakkumised\/"]}]},{"@type":"ImageObject","inLanguage":"en-US","@id":"https:\/\/padisemois.ee\/pakkumised\/#primaryimage","url":"https:\/\/padisemois.ee\/wp-content\/uploads\/2023\/10\/2023-09-20-Padise-Mois2038.jpg","contentUrl":"https:\/\/padisemois.ee\/wp-content\/uploads\/2023\/10\/2023-09-20-Padise-Mois2038.jpg"},{"@type":"BreadcrumbList","@id":"https:\/\/padisemois.ee\/pakkumised\/#breadcrumb","itemListElement":[{"@type":"ListItem","position":1,"name":"Home","item":"https:\/\/padisemois.ee\/en\/home\/"},{"@type":"ListItem","position":2,"name":"OFFERS"}]},{"@type":"WebSite","@id":"https:\/\/padisemois.ee\/#website","url":"https:\/\/padisemois.ee\/","name":"Padise M\u00f5is","description":"Muinastjutuline puhkus","potentialAction":[{"@type":"SearchAction","target":{"@type":"EntryPoint","urlTemplate":"https:\/\/padisemois.ee\/?s={search_term_string}"},"query-input":{"@type":"PropertyValueSpecification","valueRequired":true,"valueName":"search_term_string"}}],"inLanguage":"en-US"}]}},"_links":{"self":[{"href":"https:\/\/padisemois.ee\/en\/wp-json\/wp\/v2\/pages\/3402","targetHints":{"allow":["GET"]}}],"collection":[{"href":"https:\/\/padisemois.ee\/en\/wp-json\/wp\/v2\/pages"}],"about":[{"href":"https:\/\/padisemois.ee\/en\/wp-json\/wp\/v2\/types\/page"}],"author":[{"embeddable":true,"href":"https:\/\/padisemois.ee\/en\/wp-json\/wp\/v2\/users\/2"}],"replies":[{"embeddable":true,"href":"https:\/\/padisemois.ee\/en\/wp-json\/wp\/v2\/comments?post=3402"}],"version-history":[{"count":3,"href":"https:\/\/padisemois.ee\/en\/wp-json\/wp\/v2\/pages\/3402\/revisions"}],"predecessor-version":[{"id":3478,"href":"https:\/\/padisemois.ee\/en\/wp-json\/wp\/v2\/pages\/3402\/revisions\/3478"}],"wp:attachment":[{"href":"https:\/\/padisemois.ee\/en\/wp-json\/wp\/v2\/media?parent=3402"}],"curies":[{"name":"wp","href":"https:\/\/api.w.org\/{rel}","templated":true}]}}