{"id":2751,"date":"2023-07-07T08:10:53","date_gmt":"2023-07-07T08:10:53","guid":{"rendered":"https:\/\/padisemois.ee\/kontakt\/"},"modified":"2024-09-30T09:33:49","modified_gmt":"2024-09-30T09:33:49","slug":"kontakt","status":"publish","type":"page","link":"https:\/\/padisemois.ee\/en\/kontakt\/","title":{"rendered":"CONTACTS"},"content":{"rendered":"\n<div class=\"wp-block-cover alignfull\" style=\"min-height:598px;aspect-ratio:unset;\"><span aria-hidden=\"true\" class=\"wp-block-cover__background has-background-dim-0 has-background-dim\"><\/span><img loading=\"lazy\" decoding=\"async\" width=\"2560\" height=\"1710\" class=\"wp-block-cover__image-background wp-image-300\" alt=\"\" src=\"https:\/\/padisemois.ee\/wp-content\/uploads\/2023\/06\/Green-room-visit-estonia-scaled.jpg\" data-object-fit=\"cover\" srcset=\"https:\/\/padisemois.ee\/wp-content\/uploads\/2023\/06\/Green-room-visit-estonia-scaled.jpg 2560w, https:\/\/padisemois.ee\/wp-content\/uploads\/2023\/06\/Green-room-visit-estonia-scaled-200x134.jpg 200w, https:\/\/padisemois.ee\/wp-content\/uploads\/2023\/06\/Green-room-visit-estonia-scaled-600x401.jpg 600w, https:\/\/padisemois.ee\/wp-content\/uploads\/2023\/06\/Green-room-visit-estonia-300x200.jpg 300w, https:\/\/padisemois.ee\/wp-content\/uploads\/2023\/06\/Green-room-visit-estonia-1024x684.jpg 1024w, https:\/\/padisemois.ee\/wp-content\/uploads\/2023\/06\/Green-room-visit-estonia-768x513.jpg 768w, https:\/\/padisemois.ee\/wp-content\/uploads\/2023\/06\/Green-room-visit-estonia-1536x1026.jpg 1536w, https:\/\/padisemois.ee\/wp-content\/uploads\/2023\/06\/Green-room-visit-estonia-2048x1368.jpg 2048w, https:\/\/padisemois.ee\/wp-content\/uploads\/2023\/06\/Green-room-visit-estonia-1568x1047.jpg 1568w, https:\/\/padisemois.ee\/wp-content\/uploads\/2023\/06\/Green-room-visit-estonia-scaled-80x53.jpg 80w\" sizes=\"auto, (max-width: 2560px) 100vw, 2560px\" \/><div class=\"wp-block-cover__inner-container is-layout-flow wp-block-cover-is-layout-flow\">\n<h2 class=\"wp-block-heading has-text-align-center has-large-font-size\"><\/h2>\n<\/div><\/div>\n\n\n\n<div style=\"height:6px\" aria-hidden=\"true\" class=\"wp-block-spacer\"><\/div>\n\n\n\n<div class=\"wp-block-columns alignwide is-layout-flex wp-container-core-columns-is-layout-28f84493 wp-block-columns-is-layout-flex\">\n<div class=\"wp-block-column is-layout-flow wp-block-column-is-layout-flow\">\n<div class=\"wp-block-columns alignwide is-layout-flex wp-container-core-columns-is-layout-28f84493 wp-block-columns-is-layout-flex\">\n<div class=\"wp-block-column is-layout-flow wp-block-column-is-layout-flow\" style=\"flex-basis:66.66%\">\n<div class=\"wp-block-webfactory-map alignfull google-map-edhotels\"><div class=\"wp-block-webfactory-map\"><iframe loading=\"lazy\" title=\"Map\" width=\"100%\" height=\"674px\" src=\"https:\/\/www.google.com\/maps\/embed\/v1\/place?q=PADISE%20M%C3%95IS&amp;maptype=roadmap&amp;zoom=13&amp;key=AIzaSyDu21TpfU-MuEwU2kFMxIuyEP8nP1tAj4I\" frameborder=\"0\"><\/iframe><\/div><\/div>\n<\/div>\n\n\n\n<div class=\"wp-block-column wp-block-edhotels-first-column-in-mobile is-layout-flow wp-block-column-is-layout-flow\" style=\"padding-right:var(--wp--preset--spacing--40);padding-left:var(--wp--preset--spacing--40);flex-basis:33.33%\">\n<p class=\"has-text-align-left\" style=\"font-size:21px;letter-spacing:1px\"><strong>PADISE MANOR GRAND ESTATE &amp;  SPA<\/strong> &#8211; <strong>EXCLUSIVE EVENT VENUE<\/strong><br>Padise village<br>L\u00e4\u00e4ne-Harju <br>76001,\u00a0Estonia<\/p>\n\n\n\n<p class=\"has-text-align-left\" style=\"font-size:21px;letter-spacing:1px\">Phone: +372 608 7877<br>E-mail:<a href=\"mailto:info@padisemois.ee\">&nbsp;info@padisemois.ee<\/a><\/p>\n\n\n\n<p class=\"has-text-align-left\" style=\"font-size:21px;letter-spacing:1px\"><strong>PADISE M\u00d5IS O\u00dc<\/strong><br>Padise village<br>L\u00e4\u00e4ne-Harju <br>76001,&nbsp;Estonia<\/p>\n\n\n\n<p class=\"has-text-align-left\" style=\"font-size:21px;letter-spacing:1px\">Reg.nr: 16079305<\/p>\n\n\n\n<ul class=\"wp-block-social-links alignleft is-content-justification-center is-layout-flex wp-container-core-social-links-is-layout-a89b3969 wp-block-social-links-is-layout-flex\"><li class=\"wp-social-link wp-social-link-facebook  wp-block-social-link\"><a href=\"https:\/\/www.facebook.com\/padisemanor\" class=\"wp-block-social-link-anchor\"><svg width=\"24\" height=\"24\" viewBox=\"0 0 24 24\" version=\"1.1\" xmlns=\"http:\/\/www.w3.org\/2000\/svg\" aria-hidden=\"true\" focusable=\"false\"><path d=\"M12 2C6.5 2 2 6.5 2 12c0 5 3.7 9.1 8.4 9.9v-7H7.9V12h2.5V9.8c0-2.5 1.5-3.9 3.8-3.9 1.1 0 2.2.2 2.2.2v2.5h-1.3c-1.2 0-1.6.8-1.6 1.6V12h2.8l-.4 2.9h-2.3v7C18.3 21.1 22 17 22 12c0-5.5-4.5-10-10-10z\"><\/path><\/svg><span class=\"wp-block-social-link-label screen-reader-text\">Facebook<\/span><\/a><\/li>\n\n<li class=\"wp-social-link wp-social-link-instagram  wp-block-social-link\"><a href=\"https:\/\/www.instagram.com\/padisemois\/\" class=\"wp-block-social-link-anchor\"><svg width=\"24\" height=\"24\" viewBox=\"0 0 24 24\" version=\"1.1\" xmlns=\"http:\/\/www.w3.org\/2000\/svg\" aria-hidden=\"true\" focusable=\"false\"><path d=\"M12,4.622c2.403,0,2.688,0.009,3.637,0.052c0.877,0.04,1.354,0.187,1.671,0.31c0.42,0.163,0.72,0.358,1.035,0.673 c0.315,0.315,0.51,0.615,0.673,1.035c0.123,0.317,0.27,0.794,0.31,1.671c0.043,0.949,0.052,1.234,0.052,3.637 s-0.009,2.688-0.052,3.637c-0.04,0.877-0.187,1.354-0.31,1.671c-0.163,0.42-0.358,0.72-0.673,1.035 c-0.315,0.315-0.615,0.51-1.035,0.673c-0.317,0.123-0.794,0.27-1.671,0.31c-0.949,0.043-1.233,0.052-3.637,0.052 s-2.688-0.009-3.637-0.052c-0.877-0.04-1.354-0.187-1.671-0.31c-0.42-0.163-0.72-0.358-1.035-0.673 c-0.315-0.315-0.51-0.615-0.673-1.035c-0.123-0.317-0.27-0.794-0.31-1.671C4.631,14.688,4.622,14.403,4.622,12 s0.009-2.688,0.052-3.637c0.04-0.877,0.187-1.354,0.31-1.671c0.163-0.42,0.358-0.72,0.673-1.035 c0.315-0.315,0.615-0.51,1.035-0.673c0.317-0.123,0.794-0.27,1.671-0.31C9.312,4.631,9.597,4.622,12,4.622 M12,3 C9.556,3,9.249,3.01,8.289,3.054C7.331,3.098,6.677,3.25,6.105,3.472C5.513,3.702,5.011,4.01,4.511,4.511 c-0.5,0.5-0.808,1.002-1.038,1.594C3.25,6.677,3.098,7.331,3.054,8.289C3.01,9.249,3,9.556,3,12c0,2.444,0.01,2.751,0.054,3.711 c0.044,0.958,0.196,1.612,0.418,2.185c0.23,0.592,0.538,1.094,1.038,1.594c0.5,0.5,1.002,0.808,1.594,1.038 c0.572,0.222,1.227,0.375,2.185,0.418C9.249,20.99,9.556,21,12,21s2.751-0.01,3.711-0.054c0.958-0.044,1.612-0.196,2.185-0.418 c0.592-0.23,1.094-0.538,1.594-1.038c0.5-0.5,0.808-1.002,1.038-1.594c0.222-0.572,0.375-1.227,0.418-2.185 C20.99,14.751,21,14.444,21,12s-0.01-2.751-0.054-3.711c-0.044-0.958-0.196-1.612-0.418-2.185c-0.23-0.592-0.538-1.094-1.038-1.594 c-0.5-0.5-1.002-0.808-1.594-1.038c-0.572-0.222-1.227-0.375-2.185-0.418C14.751,3.01,14.444,3,12,3L12,3z M12,7.378 c-2.552,0-4.622,2.069-4.622,4.622S9.448,16.622,12,16.622s4.622-2.069,4.622-4.622S14.552,7.378,12,7.378z M12,15 c-1.657,0-3-1.343-3-3s1.343-3,3-3s3,1.343,3,3S13.657,15,12,15z M16.804,6.116c-0.596,0-1.08,0.484-1.08,1.08 s0.484,1.08,1.08,1.08c0.596,0,1.08-0.484,1.08-1.08S17.401,6.116,16.804,6.116z\"><\/path><\/svg><span class=\"wp-block-social-link-label screen-reader-text\">Instagram<\/span><\/a><\/li><\/ul>\n\n\n\n<div style=\"height:10px\" aria-hidden=\"true\" class=\"wp-block-spacer\"><\/div>\n\n\n\n<div class=\"wp-block-buttons is-content-justification-left is-layout-flex wp-container-core-buttons-is-layout-fc4fd283 wp-block-buttons-is-layout-flex\">\n<div class=\"wp-block-button has-custom-font-size\" style=\"font-size:19px;letter-spacing:1px\"><a class=\"wp-block-button__link wp-element-button\" href=\"https:\/\/padisemois.ee\/en\/paring\/\" style=\"border-radius:25px\">SEND A REQUEST<\/a><\/div>\n<\/div>\n<\/div>\n<\/div>\n<\/div>\n<\/div>\n\n\n\n<div style=\"height:6px\" aria-hidden=\"true\" class=\"wp-block-spacer\"><\/div>\n\n\n\n<div style=\"height:6px\" aria-hidden=\"true\" class=\"wp-block-spacer\"><\/div>\n","protected":false},"excerpt":{"rendered":"<p>PADISE MANOR GRAND ESTATE &amp; SPA &#8211; EXCLUSIVE EVENT VENUEPadise villageL\u00e4\u00e4ne-Harju 76001,\u00a0Estonia Phone: +372 608 7877E-mail:&nbsp;info@padisemois.ee PADISE M\u00d5IS O\u00dcPadise villageL\u00e4\u00e4ne-Harju 76001,&nbsp;Estonia Reg.nr: 16079305<\/p>\n","protected":false},"author":2,"featured_media":0,"parent":0,"menu_order":8,"comment_status":"closed","ping_status":"closed","template":"","meta":{"footnotes":""},"class_list":["post-2751","page","type-page","status-publish","hentry"],"yoast_head":"<!-- This site is optimized with the Yoast SEO plugin v26.3 - https:\/\/yoast.com\/wordpress\/plugins\/seo\/ -->\n<title>CONTACTS - Padise M\u00f5is<\/title>\n<meta name=\"robots\" content=\"index, follow, max-snippet:-1, max-image-preview:large, max-video-preview:-1\" \/>\n<link rel=\"canonical\" href=\"https:\/\/padisemois.ee\/kontakt\/\" \/>\n<meta property=\"og:locale\" content=\"en_US\" \/>\n<meta property=\"og:type\" content=\"article\" \/>\n<meta property=\"og:title\" content=\"CONTACTS - Padise M\u00f5is\" \/>\n<meta property=\"og:description\" content=\"PADISE MANOR GRAND ESTATE &amp; SPA &#8211; EXCLUSIVE EVENT VENUEPadise villageL\u00e4\u00e4ne-Harju 76001,\u00a0Estonia Phone: +372 608 7877E-mail:&nbsp;info@padisemois.ee PADISE M\u00d5IS O\u00dcPadise villageL\u00e4\u00e4ne-Harju 76001,&nbsp;Estonia Reg.nr: 16079305\" \/>\n<meta property=\"og:url\" content=\"https:\/\/padisemois.ee\/kontakt\/\" \/>\n<meta property=\"og:site_name\" content=\"Padise M\u00f5is\" \/>\n<meta property=\"article:modified_time\" content=\"2024-09-30T09:33:49+00:00\" \/>\n<meta property=\"og:image\" content=\"https:\/\/padisemois.ee\/wp-content\/uploads\/2023\/06\/Green-room-visit-estonia-scaled.jpg\" \/>\n<meta name=\"twitter:card\" content=\"summary_large_image\" \/>\n<meta name=\"twitter:label1\" content=\"Est. reading time\" \/>\n\t<meta name=\"twitter:data1\" content=\"1 minute\" \/>\n<script type=\"application\/ld+json\" class=\"yoast-schema-graph\">{\"@context\":\"https:\/\/schema.org\",\"@graph\":[{\"@type\":\"WebPage\",\"@id\":\"https:\/\/padisemois.ee\/kontakt\/\",\"url\":\"https:\/\/padisemois.ee\/kontakt\/\",\"name\":\"CONTACTS - Padise M\u00f5is\",\"isPartOf\":{\"@id\":\"https:\/\/padisemois.ee\/#website\"},\"primaryImageOfPage\":{\"@id\":\"https:\/\/padisemois.ee\/kontakt\/#primaryimage\"},\"image\":{\"@id\":\"https:\/\/padisemois.ee\/kontakt\/#primaryimage\"},\"thumbnailUrl\":\"https:\/\/padisemois.ee\/wp-content\/uploads\/2023\/06\/Green-room-visit-estonia-scaled.jpg\",\"datePublished\":\"2023-07-07T08:10:53+00:00\",\"dateModified\":\"2024-09-30T09:33:49+00:00\",\"breadcrumb\":{\"@id\":\"https:\/\/padisemois.ee\/kontakt\/#breadcrumb\"},\"inLanguage\":\"en-US\",\"potentialAction\":[{\"@type\":\"ReadAction\",\"target\":[\"https:\/\/padisemois.ee\/kontakt\/\"]}]},{\"@type\":\"ImageObject\",\"inLanguage\":\"en-US\",\"@id\":\"https:\/\/padisemois.ee\/kontakt\/#primaryimage\",\"url\":\"https:\/\/padisemois.ee\/wp-content\/uploads\/2023\/06\/Green-room-visit-estonia-scaled.jpg\",\"contentUrl\":\"https:\/\/padisemois.ee\/wp-content\/uploads\/2023\/06\/Green-room-visit-estonia-scaled.jpg\"},{\"@type\":\"BreadcrumbList\",\"@id\":\"https:\/\/padisemois.ee\/kontakt\/#breadcrumb\",\"itemListElement\":[{\"@type\":\"ListItem\",\"position\":1,\"name\":\"Home\",\"item\":\"https:\/\/padisemois.ee\/en\/home\/\"},{\"@type\":\"ListItem\",\"position\":2,\"name\":\"CONTACTS\"}]},{\"@type\":\"WebSite\",\"@id\":\"https:\/\/padisemois.ee\/#website\",\"url\":\"https:\/\/padisemois.ee\/\",\"name\":\"Padise M\u00f5is\",\"description\":\"Muinastjutuline puhkus\",\"potentialAction\":[{\"@type\":\"SearchAction\",\"target\":{\"@type\":\"EntryPoint\",\"urlTemplate\":\"https:\/\/padisemois.ee\/?s={search_term_string}\"},\"query-input\":{\"@type\":\"PropertyValueSpecification\",\"valueRequired\":true,\"valueName\":\"search_term_string\"}}],\"inLanguage\":\"en-US\"}]}<\/script>\n<!-- \/ Yoast SEO plugin. -->","yoast_head_json":{"title":"CONTACTS - Padise M\u00f5is","robots":{"index":"index","follow":"follow","max-snippet":"max-snippet:-1","max-image-preview":"max-image-preview:large","max-video-preview":"max-video-preview:-1"},"canonical":"https:\/\/padisemois.ee\/kontakt\/","og_locale":"en_US","og_type":"article","og_title":"CONTACTS - Padise M\u00f5is","og_description":"PADISE MANOR GRAND ESTATE &amp; SPA &#8211; EXCLUSIVE EVENT VENUEPadise villageL\u00e4\u00e4ne-Harju 76001,\u00a0Estonia Phone: +372 608 7877E-mail:&nbsp;info@padisemois.ee PADISE M\u00d5IS O\u00dcPadise villageL\u00e4\u00e4ne-Harju 76001,&nbsp;Estonia Reg.nr: 16079305","og_url":"https:\/\/padisemois.ee\/kontakt\/","og_site_name":"Padise M\u00f5is","article_modified_time":"2024-09-30T09:33:49+00:00","og_image":[{"url":"https:\/\/padisemois.ee\/wp-content\/uploads\/2023\/06\/Green-room-visit-estonia-scaled.jpg","type":"","width":"","height":""}],"twitter_card":"summary_large_image","twitter_misc":{"Est. reading time":"1 minute"},"schema":{"@context":"https:\/\/schema.org","@graph":[{"@type":"WebPage","@id":"https:\/\/padisemois.ee\/kontakt\/","url":"https:\/\/padisemois.ee\/kontakt\/","name":"CONTACTS - Padise M\u00f5is","isPartOf":{"@id":"https:\/\/padisemois.ee\/#website"},"primaryImageOfPage":{"@id":"https:\/\/padisemois.ee\/kontakt\/#primaryimage"},"image":{"@id":"https:\/\/padisemois.ee\/kontakt\/#primaryimage"},"thumbnailUrl":"https:\/\/padisemois.ee\/wp-content\/uploads\/2023\/06\/Green-room-visit-estonia-scaled.jpg","datePublished":"2023-07-07T08:10:53+00:00","dateModified":"2024-09-30T09:33:49+00:00","breadcrumb":{"@id":"https:\/\/padisemois.ee\/kontakt\/#breadcrumb"},"inLanguage":"en-US","potentialAction":[{"@type":"ReadAction","target":["https:\/\/padisemois.ee\/kontakt\/"]}]},{"@type":"ImageObject","inLanguage":"en-US","@id":"https:\/\/padisemois.ee\/kontakt\/#primaryimage","url":"https:\/\/padisemois.ee\/wp-content\/uploads\/2023\/06\/Green-room-visit-estonia-scaled.jpg","contentUrl":"https:\/\/padisemois.ee\/wp-content\/uploads\/2023\/06\/Green-room-visit-estonia-scaled.jpg"},{"@type":"BreadcrumbList","@id":"https:\/\/padisemois.ee\/kontakt\/#breadcrumb","itemListElement":[{"@type":"ListItem","position":1,"name":"Home","item":"https:\/\/padisemois.ee\/en\/home\/"},{"@type":"ListItem","position":2,"name":"CONTACTS"}]},{"@type":"WebSite","@id":"https:\/\/padisemois.ee\/#website","url":"https:\/\/padisemois.ee\/","name":"Padise M\u00f5is","description":"Muinastjutuline puhkus","potentialAction":[{"@type":"SearchAction","target":{"@type":"EntryPoint","urlTemplate":"https:\/\/padisemois.ee\/?s={search_term_string}"},"query-input":{"@type":"PropertyValueSpecification","valueRequired":true,"valueName":"search_term_string"}}],"inLanguage":"en-US"}]}},"_links":{"self":[{"href":"https:\/\/padisemois.ee\/en\/wp-json\/wp\/v2\/pages\/2751","targetHints":{"allow":["GET"]}}],"collection":[{"href":"https:\/\/padisemois.ee\/en\/wp-json\/wp\/v2\/pages"}],"about":[{"href":"https:\/\/padisemois.ee\/en\/wp-json\/wp\/v2\/types\/page"}],"author":[{"embeddable":true,"href":"https:\/\/padisemois.ee\/en\/wp-json\/wp\/v2\/users\/2"}],"replies":[{"embeddable":true,"href":"https:\/\/padisemois.ee\/en\/wp-json\/wp\/v2\/comments?post=2751"}],"version-history":[{"count":8,"href":"https:\/\/padisemois.ee\/en\/wp-json\/wp\/v2\/pages\/2751\/revisions"}],"predecessor-version":[{"id":4315,"href":"https:\/\/padisemois.ee\/en\/wp-json\/wp\/v2\/pages\/2751\/revisions\/4315"}],"wp:attachment":[{"href":"https:\/\/padisemois.ee\/en\/wp-json\/wp\/v2\/media?parent=2751"}],"curies":[{"name":"wp","href":"https:\/\/api.w.org\/{rel}","templated":true}]}}